{"id":2034,"date":"2023-11-14T03:04:41","date_gmt":"2023-11-14T02:04:41","guid":{"rendered":"https:\/\/www.alpinspa-post.com\/?post_type=product&#038;p=2034"},"modified":"2023-11-17T20:23:39","modified_gmt":"2023-11-17T19:23:39","slug":"e-5000-restaurantgutschein","status":"publish","type":"product","link":"https:\/\/www.alpinspa-post.com\/en\/produkt\/e-5000-restaurantgutschein\/","title":{"rendered":"Restaurantgutschein \u20ac 50,00"},"content":{"rendered":"<p>Gutschein f\u00fcr die Seele, denn &#8230; &#8220;Man soll dem Leib etwas Gutes tun, damit die Seele Lust hat, darin zu wohnen!&#8221;<br \/>\nBesondere Liebe zum Beruf, kulinarische Kreativit\u00e4t, die Liebe zum Detail und ein Geschmackserlebnis der besonderen Art, daf\u00fcr steht die K\u00fcche unseres Chefs Markus.<\/p>\n<p>Praktischer &#8220;Print@Home-Gutschein&#8221;<br \/>\nDer Gutschein ist erst nach Zahlungseingang g\u00fcltig.<\/p>\n","protected":false},"excerpt":{"rendered":"<p>Gutschein f\u00fcr die Seele, denn &#8230; &#8220;Man soll dem Leib etwas Gutes tun, damit die Seele Lust hat, darin zu wohnen!&#8221;<\/p>\n","protected":false},"featured_media":2035,"template":"","meta":[],"product_brand":[],"product_cat":[143],"product_tag":[98],"class_list":{"0":"post-2034","1":"product","2":"type-product","3":"status-publish","4":"has-post-thumbnail","6":"product_cat-gutscheine","7":"product_tag-gutschein-dayspa-fuer-1-person","9":"first","10":"instock","11":"downloadable","12":"purchasable","13":"product-type-simple"},"yoast_head":"<!-- This site is optimized with the Yoast SEO plugin v27.3 - https:\/\/yoast.com\/product\/yoast-seo-wordpress\/ -->\n<title>Restaurantgutschein \u20ac 50,00 | Hotel Alpinspa zur Post<\/title>\n<meta name=\"robots\" content=\"noindex, follow\" \/>\n<meta property=\"og:locale\" content=\"en_US\" \/>\n<meta property=\"og:type\" content=\"article\" \/>\n<meta property=\"og:title\" content=\"Restaurantgutschein \u20ac 50,00 | Hotel Alpinspa zur Post\" \/>\n<meta property=\"og:description\" content=\"Gutschein f\u00fcr die Seele, denn ... &quot;Man soll dem Leib etwas Gutes tun, damit die Seele Lust hat, darin zu wohnen!&quot;\" \/>\n<meta property=\"og:url\" content=\"https:\/\/www.alpinspa-post.com\/en\/produkt\/e-5000-restaurantgutschein\/\" \/>\n<meta property=\"og:site_name\" content=\"Hotel Alpinspa zur Post\" \/>\n<meta property=\"article:publisher\" content=\"https:\/\/www.facebook.com\/alpinspapost\/\" \/>\n<meta property=\"article:modified_time\" content=\"2023-11-17T19:23:39+00:00\" \/>\n<meta property=\"og:image\" content=\"https:\/\/www.alpinspa-post.com\/wp-content\/uploads\/gsrest50.jpg\" \/>\n\t<meta property=\"og:image:width\" content=\"1000\" \/>\n\t<meta property=\"og:image:height\" content=\"1000\" \/>\n\t<meta property=\"og:image:type\" content=\"image\/jpeg\" \/>\n<meta name=\"twitter:card\" content=\"summary_large_image\" \/>\n<script type=\"application\/ld+json\" class=\"yoast-schema-graph\">{\"@context\":\"https:\\\/\\\/schema.org\",\"@graph\":[{\"@type\":\"WebPage\",\"@id\":\"https:\\\/\\\/www.alpinspa-post.com\\\/en\\\/produkt\\\/e-5000-restaurantgutschein\\\/\",\"url\":\"https:\\\/\\\/www.alpinspa-post.com\\\/en\\\/produkt\\\/e-5000-restaurantgutschein\\\/\",\"name\":\"Restaurantgutschein \u20ac 50,00 | Hotel Alpinspa zur Post\",\"isPartOf\":{\"@id\":\"https:\\\/\\\/www.alpinspa-post.com\\\/en\\\/#website\"},\"primaryImageOfPage\":{\"@id\":\"https:\\\/\\\/www.alpinspa-post.com\\\/en\\\/produkt\\\/e-5000-restaurantgutschein\\\/#primaryimage\"},\"image\":{\"@id\":\"https:\\\/\\\/www.alpinspa-post.com\\\/en\\\/produkt\\\/e-5000-restaurantgutschein\\\/#primaryimage\"},\"thumbnailUrl\":\"https:\\\/\\\/www.alpinspa-post.com\\\/wp-content\\\/uploads\\\/gsrest50.jpg\",\"datePublished\":\"2023-11-14T02:04:41+00:00\",\"dateModified\":\"2023-11-17T19:23:39+00:00\",\"breadcrumb\":{\"@id\":\"https:\\\/\\\/www.alpinspa-post.com\\\/en\\\/produkt\\\/e-5000-restaurantgutschein\\\/#breadcrumb\"},\"inLanguage\":\"en-US\",\"potentialAction\":[{\"@type\":\"ReadAction\",\"target\":[\"https:\\\/\\\/www.alpinspa-post.com\\\/en\\\/produkt\\\/e-5000-restaurantgutschein\\\/\"]}]},{\"@type\":\"ImageObject\",\"inLanguage\":\"en-US\",\"@id\":\"https:\\\/\\\/www.alpinspa-post.com\\\/en\\\/produkt\\\/e-5000-restaurantgutschein\\\/#primaryimage\",\"url\":\"https:\\\/\\\/www.alpinspa-post.com\\\/wp-content\\\/uploads\\\/gsrest50.jpg\",\"contentUrl\":\"https:\\\/\\\/www.alpinspa-post.com\\\/wp-content\\\/uploads\\\/gsrest50.jpg\",\"width\":1000,\"height\":1000,\"caption\":\"Restaurant Gutschein Hotel AlpinSpa zur Post print@home \u20ac 50,00\"},{\"@type\":\"BreadcrumbList\",\"@id\":\"https:\\\/\\\/www.alpinspa-post.com\\\/en\\\/produkt\\\/e-5000-restaurantgutschein\\\/#breadcrumb\",\"itemListElement\":[{\"@type\":\"ListItem\",\"position\":1,\"name\":\"Startseite\",\"item\":\"https:\\\/\\\/www.alpinspa-post.com\\\/en\\\/\"},{\"@type\":\"ListItem\",\"position\":2,\"name\":\"Shop\",\"item\":\"https:\\\/\\\/www.alpinspa-post.com\\\/en\\\/shop-2\\\/\"},{\"@type\":\"ListItem\",\"position\":3,\"name\":\"Restaurantgutschein \u20ac 50,00\"}]},{\"@type\":\"WebSite\",\"@id\":\"https:\\\/\\\/www.alpinspa-post.com\\\/en\\\/#website\",\"url\":\"https:\\\/\\\/www.alpinspa-post.com\\\/en\\\/\",\"name\":\"AlpinSpa Zur Post Bad Gastein\",\"description\":\"Wohnen, Essen und nachhaltige Wellness\",\"publisher\":{\"@id\":\"https:\\\/\\\/www.alpinspa-post.com\\\/en\\\/#organization\"},\"potentialAction\":[{\"@type\":\"SearchAction\",\"target\":{\"@type\":\"EntryPoint\",\"urlTemplate\":\"https:\\\/\\\/www.alpinspa-post.com\\\/en\\\/?s={search_term_string}\"},\"query-input\":{\"@type\":\"PropertyValueSpecification\",\"valueRequired\":true,\"valueName\":\"search_term_string\"}}],\"inLanguage\":\"en-US\"},{\"@type\":\"Organization\",\"@id\":\"https:\\\/\\\/www.alpinspa-post.com\\\/en\\\/#organization\",\"name\":\"AlpinSpa Zur Post Bad Gastein\",\"alternateName\":\"Hotel Zur Post B\u00f6ckstein\",\"url\":\"https:\\\/\\\/www.alpinspa-post.com\\\/en\\\/\",\"logo\":{\"@type\":\"ImageObject\",\"inLanguage\":\"en-US\",\"@id\":\"https:\\\/\\\/www.alpinspa-post.com\\\/en\\\/#\\\/schema\\\/logo\\\/image\\\/\",\"url\":\"https:\\\/\\\/www.alpinspa-post.com\\\/wp-content\\\/uploads\\\/logo-3.png\",\"contentUrl\":\"https:\\\/\\\/www.alpinspa-post.com\\\/wp-content\\\/uploads\\\/logo-3.png\",\"width\":696,\"height\":696,\"caption\":\"AlpinSpa Zur Post Bad Gastein\"},\"image\":{\"@id\":\"https:\\\/\\\/www.alpinspa-post.com\\\/en\\\/#\\\/schema\\\/logo\\\/image\\\/\"},\"sameAs\":[\"https:\\\/\\\/www.facebook.com\\\/alpinspapost\\\/\",\"https:\\\/\\\/www.instagram.com\\\/alpinspapost\\\/\",\"https:\\\/\\\/www.youtube.com\\\/@MarkusSteinschaden-hp4nq\"]}]}<\/script>\n<!-- \/ Yoast SEO plugin. -->","yoast_head_json":{"title":"Restaurantgutschein \u20ac 50,00 | Hotel Alpinspa zur Post","robots":{"index":"noindex","follow":"follow"},"og_locale":"en_US","og_type":"article","og_title":"Restaurantgutschein \u20ac 50,00 | Hotel Alpinspa zur Post","og_description":"Gutschein f\u00fcr die Seele, denn ... \"Man soll dem Leib etwas Gutes tun, damit die Seele Lust hat, darin zu wohnen!\"","og_url":"https:\/\/www.alpinspa-post.com\/en\/produkt\/e-5000-restaurantgutschein\/","og_site_name":"Hotel Alpinspa zur Post","article_publisher":"https:\/\/www.facebook.com\/alpinspapost\/","article_modified_time":"2023-11-17T19:23:39+00:00","og_image":[{"width":1000,"height":1000,"url":"https:\/\/www.alpinspa-post.com\/wp-content\/uploads\/gsrest50.jpg","type":"image\/jpeg"}],"twitter_card":"summary_large_image","schema":{"@context":"https:\/\/schema.org","@graph":[{"@type":"WebPage","@id":"https:\/\/www.alpinspa-post.com\/en\/produkt\/e-5000-restaurantgutschein\/","url":"https:\/\/www.alpinspa-post.com\/en\/produkt\/e-5000-restaurantgutschein\/","name":"Restaurantgutschein \u20ac 50,00 | Hotel Alpinspa zur Post","isPartOf":{"@id":"https:\/\/www.alpinspa-post.com\/en\/#website"},"primaryImageOfPage":{"@id":"https:\/\/www.alpinspa-post.com\/en\/produkt\/e-5000-restaurantgutschein\/#primaryimage"},"image":{"@id":"https:\/\/www.alpinspa-post.com\/en\/produkt\/e-5000-restaurantgutschein\/#primaryimage"},"thumbnailUrl":"https:\/\/www.alpinspa-post.com\/wp-content\/uploads\/gsrest50.jpg","datePublished":"2023-11-14T02:04:41+00:00","dateModified":"2023-11-17T19:23:39+00:00","breadcrumb":{"@id":"https:\/\/www.alpinspa-post.com\/en\/produkt\/e-5000-restaurantgutschein\/#breadcrumb"},"inLanguage":"en-US","potentialAction":[{"@type":"ReadAction","target":["https:\/\/www.alpinspa-post.com\/en\/produkt\/e-5000-restaurantgutschein\/"]}]},{"@type":"ImageObject","inLanguage":"en-US","@id":"https:\/\/www.alpinspa-post.com\/en\/produkt\/e-5000-restaurantgutschein\/#primaryimage","url":"https:\/\/www.alpinspa-post.com\/wp-content\/uploads\/gsrest50.jpg","contentUrl":"https:\/\/www.alpinspa-post.com\/wp-content\/uploads\/gsrest50.jpg","width":1000,"height":1000,"caption":"Restaurant Gutschein Hotel AlpinSpa zur Post print@home \u20ac 50,00"},{"@type":"BreadcrumbList","@id":"https:\/\/www.alpinspa-post.com\/en\/produkt\/e-5000-restaurantgutschein\/#breadcrumb","itemListElement":[{"@type":"ListItem","position":1,"name":"Startseite","item":"https:\/\/www.alpinspa-post.com\/en\/"},{"@type":"ListItem","position":2,"name":"Shop","item":"https:\/\/www.alpinspa-post.com\/en\/shop-2\/"},{"@type":"ListItem","position":3,"name":"Restaurantgutschein \u20ac 50,00"}]},{"@type":"WebSite","@id":"https:\/\/www.alpinspa-post.com\/en\/#website","url":"https:\/\/www.alpinspa-post.com\/en\/","name":"AlpinSpa Zur Post Bad Gastein","description":"Wohnen, Essen und nachhaltige Wellness","publisher":{"@id":"https:\/\/www.alpinspa-post.com\/en\/#organization"},"potentialAction":[{"@type":"SearchAction","target":{"@type":"EntryPoint","urlTemplate":"https:\/\/www.alpinspa-post.com\/en\/?s={search_term_string}"},"query-input":{"@type":"PropertyValueSpecification","valueRequired":true,"valueName":"search_term_string"}}],"inLanguage":"en-US"},{"@type":"Organization","@id":"https:\/\/www.alpinspa-post.com\/en\/#organization","name":"AlpinSpa Zur Post Bad Gastein","alternateName":"Hotel Zur Post B\u00f6ckstein","url":"https:\/\/www.alpinspa-post.com\/en\/","logo":{"@type":"ImageObject","inLanguage":"en-US","@id":"https:\/\/www.alpinspa-post.com\/en\/#\/schema\/logo\/image\/","url":"https:\/\/www.alpinspa-post.com\/wp-content\/uploads\/logo-3.png","contentUrl":"https:\/\/www.alpinspa-post.com\/wp-content\/uploads\/logo-3.png","width":696,"height":696,"caption":"AlpinSpa Zur Post Bad Gastein"},"image":{"@id":"https:\/\/www.alpinspa-post.com\/en\/#\/schema\/logo\/image\/"},"sameAs":["https:\/\/www.facebook.com\/alpinspapost\/","https:\/\/www.instagram.com\/alpinspapost\/","https:\/\/www.youtube.com\/@MarkusSteinschaden-hp4nq"]}]}},"_links":{"self":[{"href":"https:\/\/www.alpinspa-post.com\/en\/wp-json\/wp\/v2\/product\/2034","targetHints":{"allow":["GET"]}}],"collection":[{"href":"https:\/\/www.alpinspa-post.com\/en\/wp-json\/wp\/v2\/product"}],"about":[{"href":"https:\/\/www.alpinspa-post.com\/en\/wp-json\/wp\/v2\/types\/product"}],"wp:featuredmedia":[{"embeddable":true,"href":"https:\/\/www.alpinspa-post.com\/en\/wp-json\/wp\/v2\/media\/2035"}],"wp:attachment":[{"href":"https:\/\/www.alpinspa-post.com\/en\/wp-json\/wp\/v2\/media?parent=2034"}],"wp:term":[{"taxonomy":"product_brand","embeddable":true,"href":"https:\/\/www.alpinspa-post.com\/en\/wp-json\/wp\/v2\/product_brand?post=2034"},{"taxonomy":"product_cat","embeddable":true,"href":"https:\/\/www.alpinspa-post.com\/en\/wp-json\/wp\/v2\/product_cat?post=2034"},{"taxonomy":"product_tag","embeddable":true,"href":"https:\/\/www.alpinspa-post.com\/en\/wp-json\/wp\/v2\/product_tag?post=2034"}],"curies":[{"name":"wp","href":"https:\/\/api.w.org\/{rel}","templated":true}]}}