{"id":664,"date":"2020-02-28T09:15:48","date_gmt":"2020-02-28T08:15:48","guid":{"rendered":"https:\/\/www.gasthof-post.com\/?page_id=664"},"modified":"2024-04-19T09:42:21","modified_gmt":"2024-04-19T07:42:21","slug":"contact","status":"publish","type":"page","link":"https:\/\/www.alpinspa-post.com\/en\/contact\/","title":{"rendered":"Contact"},"content":{"rendered":"\n\n\t<h1>\n\t\t\t\tContact\n\t\t\t<\/h1>\n\t\t\t<p>We look forward to hearing from you <br \/>&#8211; by telephone, email or through our reservation system!<\/p>\t\n\t<h4>\n\t\t\t\tCONTACT\n\t\t\t<\/h4>\n\t<strong>AlpinSpa Zur Post<\/strong><br \/>\nFamily Steinschaden\/Krenn<br \/>\nB\u00f6cksteiner Bundesstra\u00dfe 112<br \/>\n5645 Bad Gastein &#8211; B\u00f6ckstein<br \/>\nSalzburger Land &#8211; Austria\n\t<a href=\"tel:+43 650 558 77 99\">T +43 650 558 77 99<\/a><br \/>\n<a href=\"mailto:willkommen@alpinspa-post.com\">willkommen@alpinspa-post.com<\/a><br \/>\nwww.alpinspa-post.com\n<p>&nbsp;<\/p>\n\t\t<h3>ONLINE BOOKING<\/h3>\n\t\t\t\t<p>Book quickly and easily via our booking system:<\/p>\n\t\t\t<a href=\"https:\/\/www.alpinspa-post.com\/en\/booking\/\" target=\"_self\" role=\"button\" aria-label=\"BOOK NOW\" rel=\"noopener\">\n\t\t\t\t\t\t\tBOOK NOW\n\t\t<\/a>\n\n","protected":false},"excerpt":{"rendered":"<p>Contact We look forward to hearing from you &#8211; by telephone, email or through our reservation system! CONTACT AlpinSpa Zur Post Family Steinschaden\/Krenn B\u00f6cksteiner Bundesstra\u00dfe 112 5645 Bad Gastein &#8211; B\u00f6ckstein Salzburger Land &#8211; Austria T +43 650 558 77 99 willkommen@alpinspa-post.com www.alpinspa-post.com &nbsp; ONLINE BOOKING Book quickly and easily via our booking system: BOOK&hellip;<\/p>\n","protected":false},"author":1,"featured_media":0,"parent":0,"menu_order":0,"comment_status":"closed","ping_status":"closed","template":"","meta":{"footnotes":""},"class_list":["post-664","page","type-page","status-publish","hentry"],"yoast_head":"<!-- This site is optimized with the Yoast SEO plugin v27.4 - https:\/\/yoast.com\/product\/yoast-seo-wordpress\/ -->\n<title>Contact |<\/title>\n<meta name=\"robots\" content=\"index, follow, max-snippet:-1, max-image-preview:large, max-video-preview:-1\" \/>\n<link rel=\"canonical\" href=\"https:\/\/www.alpinspa-post.com\/en\/contact\/\" \/>\n<meta property=\"og:locale\" content=\"en_US\" \/>\n<meta property=\"og:type\" content=\"article\" \/>\n<meta property=\"og:title\" content=\"Contact |\" \/>\n<meta property=\"og:description\" content=\"Contact We look forward to hearing from you &#8211; by telephone, email or through our reservation system! CONTACT AlpinSpa Zur Post Family Steinschaden\/Krenn B\u00f6cksteiner Bundesstra\u00dfe 112 5645 Bad Gastein &#8211; B\u00f6ckstein Salzburger Land &#8211; Austria T +43 650 558 77 99 willkommen@alpinspa-post.com www.alpinspa-post.com &nbsp; ONLINE BOOKING Book quickly and easily via our booking system: BOOK&hellip;\" \/>\n<meta property=\"og:url\" content=\"https:\/\/www.alpinspa-post.com\/en\/contact\/\" \/>\n<meta property=\"og:site_name\" content=\"Hotel Alpinspa zur Post\" \/>\n<meta property=\"article:publisher\" content=\"https:\/\/www.facebook.com\/alpinspapost\/\" \/>\n<meta property=\"article:modified_time\" content=\"2024-04-19T07:42:21+00:00\" \/>\n<meta property=\"og:image\" content=\"https:\/\/www.alpinspa-post.com\/wp-content\/uploads\/abend-1.jpg\" \/>\n\t<meta property=\"og:image:width\" content=\"1200\" \/>\n\t<meta property=\"og:image:height\" content=\"675\" \/>\n\t<meta property=\"og:image:type\" content=\"image\/jpeg\" \/>\n<meta name=\"twitter:card\" content=\"summary_large_image\" \/>\n<script type=\"application\/ld+json\" class=\"yoast-schema-graph\">{\"@context\":\"https:\\\/\\\/schema.org\",\"@graph\":[{\"@type\":\"WebPage\",\"@id\":\"https:\\\/\\\/www.alpinspa-post.com\\\/en\\\/contact\\\/\",\"url\":\"https:\\\/\\\/www.alpinspa-post.com\\\/en\\\/contact\\\/\",\"name\":\"Contact |\",\"isPartOf\":{\"@id\":\"https:\\\/\\\/www.alpinspa-post.com\\\/en\\\/#website\"},\"datePublished\":\"2020-02-28T08:15:48+00:00\",\"dateModified\":\"2024-04-19T07:42:21+00:00\",\"breadcrumb\":{\"@id\":\"https:\\\/\\\/www.alpinspa-post.com\\\/en\\\/contact\\\/#breadcrumb\"},\"inLanguage\":\"en-US\",\"potentialAction\":[{\"@type\":\"ReadAction\",\"target\":[\"https:\\\/\\\/www.alpinspa-post.com\\\/en\\\/contact\\\/\"]}]},{\"@type\":\"BreadcrumbList\",\"@id\":\"https:\\\/\\\/www.alpinspa-post.com\\\/en\\\/contact\\\/#breadcrumb\",\"itemListElement\":[{\"@type\":\"ListItem\",\"position\":1,\"name\":\"Startseite\",\"item\":\"https:\\\/\\\/www.alpinspa-post.com\\\/en\\\/\"},{\"@type\":\"ListItem\",\"position\":2,\"name\":\"Contact\"}]},{\"@type\":\"WebSite\",\"@id\":\"https:\\\/\\\/www.alpinspa-post.com\\\/en\\\/#website\",\"url\":\"https:\\\/\\\/www.alpinspa-post.com\\\/en\\\/\",\"name\":\"AlpinSpa Zur Post Bad Gastein\",\"description\":\"Wohnen, Essen und nachhaltige Wellness\",\"publisher\":{\"@id\":\"https:\\\/\\\/www.alpinspa-post.com\\\/en\\\/#organization\"},\"potentialAction\":[{\"@type\":\"SearchAction\",\"target\":{\"@type\":\"EntryPoint\",\"urlTemplate\":\"https:\\\/\\\/www.alpinspa-post.com\\\/en\\\/?s={search_term_string}\"},\"query-input\":{\"@type\":\"PropertyValueSpecification\",\"valueRequired\":true,\"valueName\":\"search_term_string\"}}],\"inLanguage\":\"en-US\"},{\"@type\":\"Organization\",\"@id\":\"https:\\\/\\\/www.alpinspa-post.com\\\/en\\\/#organization\",\"name\":\"AlpinSpa Zur Post Bad Gastein\",\"alternateName\":\"Hotel Zur Post B\u00f6ckstein\",\"url\":\"https:\\\/\\\/www.alpinspa-post.com\\\/en\\\/\",\"logo\":{\"@type\":\"ImageObject\",\"inLanguage\":\"en-US\",\"@id\":\"https:\\\/\\\/www.alpinspa-post.com\\\/en\\\/#\\\/schema\\\/logo\\\/image\\\/\",\"url\":\"https:\\\/\\\/www.alpinspa-post.com\\\/wp-content\\\/uploads\\\/logo-3.png\",\"contentUrl\":\"https:\\\/\\\/www.alpinspa-post.com\\\/wp-content\\\/uploads\\\/logo-3.png\",\"width\":696,\"height\":696,\"caption\":\"AlpinSpa Zur Post Bad Gastein\"},\"image\":{\"@id\":\"https:\\\/\\\/www.alpinspa-post.com\\\/en\\\/#\\\/schema\\\/logo\\\/image\\\/\"},\"sameAs\":[\"https:\\\/\\\/www.facebook.com\\\/alpinspapost\\\/\",\"https:\\\/\\\/www.instagram.com\\\/alpinspapost\\\/\",\"https:\\\/\\\/www.youtube.com\\\/@MarkusSteinschaden-hp4nq\"]}]}<\/script>\n<!-- \/ Yoast SEO plugin. -->","yoast_head_json":{"title":"Contact |","robots":{"index":"index","follow":"follow","max-snippet":"max-snippet:-1","max-image-preview":"max-image-preview:large","max-video-preview":"max-video-preview:-1"},"canonical":"https:\/\/www.alpinspa-post.com\/en\/contact\/","og_locale":"en_US","og_type":"article","og_title":"Contact |","og_description":"Contact We look forward to hearing from you &#8211; by telephone, email or through our reservation system! CONTACT AlpinSpa Zur Post Family Steinschaden\/Krenn B\u00f6cksteiner Bundesstra\u00dfe 112 5645 Bad Gastein &#8211; B\u00f6ckstein Salzburger Land &#8211; Austria T +43 650 558 77 99 willkommen@alpinspa-post.com www.alpinspa-post.com &nbsp; ONLINE BOOKING Book quickly and easily via our booking system: BOOK&hellip;","og_url":"https:\/\/www.alpinspa-post.com\/en\/contact\/","og_site_name":"Hotel Alpinspa zur Post","article_publisher":"https:\/\/www.facebook.com\/alpinspapost\/","article_modified_time":"2024-04-19T07:42:21+00:00","og_image":[{"width":1200,"height":675,"url":"https:\/\/www.alpinspa-post.com\/wp-content\/uploads\/abend-1.jpg","type":"image\/jpeg"}],"twitter_card":"summary_large_image","schema":{"@context":"https:\/\/schema.org","@graph":[{"@type":"WebPage","@id":"https:\/\/www.alpinspa-post.com\/en\/contact\/","url":"https:\/\/www.alpinspa-post.com\/en\/contact\/","name":"Contact |","isPartOf":{"@id":"https:\/\/www.alpinspa-post.com\/en\/#website"},"datePublished":"2020-02-28T08:15:48+00:00","dateModified":"2024-04-19T07:42:21+00:00","breadcrumb":{"@id":"https:\/\/www.alpinspa-post.com\/en\/contact\/#breadcrumb"},"inLanguage":"en-US","potentialAction":[{"@type":"ReadAction","target":["https:\/\/www.alpinspa-post.com\/en\/contact\/"]}]},{"@type":"BreadcrumbList","@id":"https:\/\/www.alpinspa-post.com\/en\/contact\/#breadcrumb","itemListElement":[{"@type":"ListItem","position":1,"name":"Startseite","item":"https:\/\/www.alpinspa-post.com\/en\/"},{"@type":"ListItem","position":2,"name":"Contact"}]},{"@type":"WebSite","@id":"https:\/\/www.alpinspa-post.com\/en\/#website","url":"https:\/\/www.alpinspa-post.com\/en\/","name":"AlpinSpa Zur Post Bad Gastein","description":"Wohnen, Essen und nachhaltige Wellness","publisher":{"@id":"https:\/\/www.alpinspa-post.com\/en\/#organization"},"potentialAction":[{"@type":"SearchAction","target":{"@type":"EntryPoint","urlTemplate":"https:\/\/www.alpinspa-post.com\/en\/?s={search_term_string}"},"query-input":{"@type":"PropertyValueSpecification","valueRequired":true,"valueName":"search_term_string"}}],"inLanguage":"en-US"},{"@type":"Organization","@id":"https:\/\/www.alpinspa-post.com\/en\/#organization","name":"AlpinSpa Zur Post Bad Gastein","alternateName":"Hotel Zur Post B\u00f6ckstein","url":"https:\/\/www.alpinspa-post.com\/en\/","logo":{"@type":"ImageObject","inLanguage":"en-US","@id":"https:\/\/www.alpinspa-post.com\/en\/#\/schema\/logo\/image\/","url":"https:\/\/www.alpinspa-post.com\/wp-content\/uploads\/logo-3.png","contentUrl":"https:\/\/www.alpinspa-post.com\/wp-content\/uploads\/logo-3.png","width":696,"height":696,"caption":"AlpinSpa Zur Post Bad Gastein"},"image":{"@id":"https:\/\/www.alpinspa-post.com\/en\/#\/schema\/logo\/image\/"},"sameAs":["https:\/\/www.facebook.com\/alpinspapost\/","https:\/\/www.instagram.com\/alpinspapost\/","https:\/\/www.youtube.com\/@MarkusSteinschaden-hp4nq"]}]}},"_links":{"self":[{"href":"https:\/\/www.alpinspa-post.com\/en\/wp-json\/wp\/v2\/pages\/664","targetHints":{"allow":["GET"]}}],"collection":[{"href":"https:\/\/www.alpinspa-post.com\/en\/wp-json\/wp\/v2\/pages"}],"about":[{"href":"https:\/\/www.alpinspa-post.com\/en\/wp-json\/wp\/v2\/types\/page"}],"author":[{"embeddable":true,"href":"https:\/\/www.alpinspa-post.com\/en\/wp-json\/wp\/v2\/users\/1"}],"replies":[{"embeddable":true,"href":"https:\/\/www.alpinspa-post.com\/en\/wp-json\/wp\/v2\/comments?post=664"}],"version-history":[{"count":0,"href":"https:\/\/www.alpinspa-post.com\/en\/wp-json\/wp\/v2\/pages\/664\/revisions"}],"wp:attachment":[{"href":"https:\/\/www.alpinspa-post.com\/en\/wp-json\/wp\/v2\/media?parent=664"}],"curies":[{"name":"wp","href":"https:\/\/api.w.org\/{rel}","templated":true}]}}