{"id":660,"date":"2020-02-28T09:14:32","date_gmt":"2020-02-28T08:14:32","guid":{"rendered":"https:\/\/www.gasthof-post.com\/?page_id=660"},"modified":"2023-11-17T12:46:11","modified_gmt":"2023-11-17T11:46:11","slug":"imprint","status":"publish","type":"page","link":"https:\/\/www.alpinspa-post.com\/en\/imprint\/","title":{"rendered":"Imprint"},"content":{"rendered":"\n\n\t<h3>\n\t\t\t\tImprint\n\t\t\t<\/h3>\n\t\t\t<p>all contact and company data at a glance<\/p>\t\n<h2>\n\t\tImprint\n\t<\/h2>\n\t<p>Duty to provide information under the Media Act<\/p>\n\tGasthof Zur Post GmbH<br \/>\nFamily Markus Steinschaden &amp; Birgit Krenn<br \/>\nB\u00f6cksteiner Bundesstra\u00dfe 112<br \/>\n5645 Bad Gastein &#8211; B\u00f6ckstein<br \/>\nAustria\n\tTelnb: +43 650-5587799<br \/>\nMail: office@alpinspa-post.com<br \/>\nWeb: www.alpinspa-post.com\n\tAuthority according to ECG:<br \/>\nBezirkshauptmannschaft St. Johann\/Pg.\nUmsatz-Identifikations-Nr:<br \/>\nATU68574116\n\t<p>Copyright Fotos:<\/p>\n<ul>\n<li>Steinbauer Photography<\/li>\n<li>Traumbild Gerhard Wolkersdorfer<\/li>\n<li>Gasteinbilder Gerhard Michel<\/li>\n<li>Gasteinertal Tourismus GmbH<\/li>\n<li>Gasteiner Bergbahnen<\/li>\n<li>Shutterstock \/ Depositphotos<\/li>\n<li>Chuttersnap<\/li>\n<\/ul>\n\t<p>Webside creation:<\/p>\nCopyright and webdesign<br \/>\nby <a href=\"https:\/\/www.datenknoten.at\" target=\"_blank\" rel=\"noopener\">datenknoten.at<\/a> &amp; <a href=\"https:\/\/conny.marketing\/\">conny.marketing<\/a>\n\t<p>With regard to the technical properties of the Internet, no guarantee can be given for the authenticity, correctness and completeness of the information made available on the Internet. Any liability for direct, indirect or other damages, regardless of their causes, which arise from the use or unavailability of the data and information on this homepage, is excluded, as far as legally permissible. The content of this website is protected by copyright. The information is for personal use only. Any further use, in particular storage in databases, duplication and any form of commercial use as well as transfer to third parties &#8211; also in parts or in revised form &#8211; without the consent of the respective organization is prohibited. Any integration of individual pages of our offer in external frames is prohibited.<\/p>\n\t<p>Your privacy and security are our top priority. We handle your personal data (e.g. name, address, email) carefully and thus comply with the provisions of the GDPR. <strong><a href=\"https:\/\/www.alpinspa-post.com\/en\/privacy\/\">More information here<\/a>.<\/strong><\/p>\n\n","protected":false},"excerpt":{"rendered":"<p>Imprint all contact and company data at a glance Imprint Duty to provide information under the Media Act Gasthof Zur Post GmbH Family Markus Steinschaden &amp; Birgit Krenn B\u00f6cksteiner Bundesstra\u00dfe 112 5645 Bad Gastein &#8211; B\u00f6ckstein Austria Telnb: +43 650-5587799 Mail: office@alpinspa-post.com Web: www.alpinspa-post.com Authority according to ECG: Bezirkshauptmannschaft St. Johann\/Pg. Umsatz-Identifikations-Nr: ATU68574116 Copyright Fotos:&hellip;<\/p>\n","protected":false},"author":1,"featured_media":0,"parent":0,"menu_order":0,"comment_status":"closed","ping_status":"closed","template":"","meta":{"footnotes":""},"class_list":["post-660","page","type-page","status-publish","hentry"],"yoast_head":"<!-- This site is optimized with the Yoast SEO plugin v27.4 - https:\/\/yoast.com\/product\/yoast-seo-wordpress\/ -->\n<title>Imprint |<\/title>\n<meta name=\"robots\" content=\"index, follow, max-snippet:-1, max-image-preview:large, max-video-preview:-1\" \/>\n<link rel=\"canonical\" href=\"https:\/\/www.alpinspa-post.com\/en\/imprint\/\" \/>\n<meta property=\"og:locale\" content=\"en_US\" \/>\n<meta property=\"og:type\" content=\"article\" \/>\n<meta property=\"og:title\" content=\"Imprint |\" \/>\n<meta property=\"og:description\" content=\"Imprint all contact and company data at a glance Imprint Duty to provide information under the Media Act Gasthof Zur Post GmbH Family Markus Steinschaden &amp; Birgit Krenn B\u00f6cksteiner Bundesstra\u00dfe 112 5645 Bad Gastein &#8211; B\u00f6ckstein Austria Telnb: +43 650-5587799 Mail: office@alpinspa-post.com Web: www.alpinspa-post.com Authority according to ECG: Bezirkshauptmannschaft St. Johann\/Pg. Umsatz-Identifikations-Nr: ATU68574116 Copyright Fotos:&hellip;\" \/>\n<meta property=\"og:url\" content=\"https:\/\/www.alpinspa-post.com\/en\/imprint\/\" \/>\n<meta property=\"og:site_name\" content=\"Hotel Alpinspa zur Post\" \/>\n<meta property=\"article:publisher\" content=\"https:\/\/www.facebook.com\/alpinspapost\/\" \/>\n<meta property=\"article:modified_time\" content=\"2023-11-17T11:46:11+00:00\" \/>\n<meta property=\"og:image\" content=\"https:\/\/www.alpinspa-post.com\/wp-content\/uploads\/abend-1.jpg\" \/>\n\t<meta property=\"og:image:width\" content=\"1200\" \/>\n\t<meta property=\"og:image:height\" content=\"675\" \/>\n\t<meta property=\"og:image:type\" content=\"image\/jpeg\" \/>\n<meta name=\"twitter:card\" content=\"summary_large_image\" \/>\n<meta name=\"twitter:label1\" content=\"Est. reading time\" \/>\n\t<meta name=\"twitter:data1\" content=\"1 minute\" \/>\n<script type=\"application\/ld+json\" class=\"yoast-schema-graph\">{\"@context\":\"https:\\\/\\\/schema.org\",\"@graph\":[{\"@type\":\"WebPage\",\"@id\":\"https:\\\/\\\/www.alpinspa-post.com\\\/en\\\/imprint\\\/\",\"url\":\"https:\\\/\\\/www.alpinspa-post.com\\\/en\\\/imprint\\\/\",\"name\":\"Imprint |\",\"isPartOf\":{\"@id\":\"https:\\\/\\\/www.alpinspa-post.com\\\/en\\\/#website\"},\"datePublished\":\"2020-02-28T08:14:32+00:00\",\"dateModified\":\"2023-11-17T11:46:11+00:00\",\"breadcrumb\":{\"@id\":\"https:\\\/\\\/www.alpinspa-post.com\\\/en\\\/imprint\\\/#breadcrumb\"},\"inLanguage\":\"en-US\",\"potentialAction\":[{\"@type\":\"ReadAction\",\"target\":[\"https:\\\/\\\/www.alpinspa-post.com\\\/en\\\/imprint\\\/\"]}]},{\"@type\":\"BreadcrumbList\",\"@id\":\"https:\\\/\\\/www.alpinspa-post.com\\\/en\\\/imprint\\\/#breadcrumb\",\"itemListElement\":[{\"@type\":\"ListItem\",\"position\":1,\"name\":\"Startseite\",\"item\":\"https:\\\/\\\/www.alpinspa-post.com\\\/en\\\/\"},{\"@type\":\"ListItem\",\"position\":2,\"name\":\"Imprint\"}]},{\"@type\":\"WebSite\",\"@id\":\"https:\\\/\\\/www.alpinspa-post.com\\\/en\\\/#website\",\"url\":\"https:\\\/\\\/www.alpinspa-post.com\\\/en\\\/\",\"name\":\"AlpinSpa Zur Post Bad Gastein\",\"description\":\"Wohnen, Essen und nachhaltige Wellness\",\"publisher\":{\"@id\":\"https:\\\/\\\/www.alpinspa-post.com\\\/en\\\/#organization\"},\"potentialAction\":[{\"@type\":\"SearchAction\",\"target\":{\"@type\":\"EntryPoint\",\"urlTemplate\":\"https:\\\/\\\/www.alpinspa-post.com\\\/en\\\/?s={search_term_string}\"},\"query-input\":{\"@type\":\"PropertyValueSpecification\",\"valueRequired\":true,\"valueName\":\"search_term_string\"}}],\"inLanguage\":\"en-US\"},{\"@type\":\"Organization\",\"@id\":\"https:\\\/\\\/www.alpinspa-post.com\\\/en\\\/#organization\",\"name\":\"AlpinSpa Zur Post Bad Gastein\",\"alternateName\":\"Hotel Zur Post B\u00f6ckstein\",\"url\":\"https:\\\/\\\/www.alpinspa-post.com\\\/en\\\/\",\"logo\":{\"@type\":\"ImageObject\",\"inLanguage\":\"en-US\",\"@id\":\"https:\\\/\\\/www.alpinspa-post.com\\\/en\\\/#\\\/schema\\\/logo\\\/image\\\/\",\"url\":\"https:\\\/\\\/www.alpinspa-post.com\\\/wp-content\\\/uploads\\\/logo-3.png\",\"contentUrl\":\"https:\\\/\\\/www.alpinspa-post.com\\\/wp-content\\\/uploads\\\/logo-3.png\",\"width\":696,\"height\":696,\"caption\":\"AlpinSpa Zur Post Bad Gastein\"},\"image\":{\"@id\":\"https:\\\/\\\/www.alpinspa-post.com\\\/en\\\/#\\\/schema\\\/logo\\\/image\\\/\"},\"sameAs\":[\"https:\\\/\\\/www.facebook.com\\\/alpinspapost\\\/\",\"https:\\\/\\\/www.instagram.com\\\/alpinspapost\\\/\",\"https:\\\/\\\/www.youtube.com\\\/@MarkusSteinschaden-hp4nq\"]}]}<\/script>\n<!-- \/ Yoast SEO plugin. -->","yoast_head_json":{"title":"Imprint |","robots":{"index":"index","follow":"follow","max-snippet":"max-snippet:-1","max-image-preview":"max-image-preview:large","max-video-preview":"max-video-preview:-1"},"canonical":"https:\/\/www.alpinspa-post.com\/en\/imprint\/","og_locale":"en_US","og_type":"article","og_title":"Imprint |","og_description":"Imprint all contact and company data at a glance Imprint Duty to provide information under the Media Act Gasthof Zur Post GmbH Family Markus Steinschaden &amp; Birgit Krenn B\u00f6cksteiner Bundesstra\u00dfe 112 5645 Bad Gastein &#8211; B\u00f6ckstein Austria Telnb: +43 650-5587799 Mail: office@alpinspa-post.com Web: www.alpinspa-post.com Authority according to ECG: Bezirkshauptmannschaft St. Johann\/Pg. Umsatz-Identifikations-Nr: ATU68574116 Copyright Fotos:&hellip;","og_url":"https:\/\/www.alpinspa-post.com\/en\/imprint\/","og_site_name":"Hotel Alpinspa zur Post","article_publisher":"https:\/\/www.facebook.com\/alpinspapost\/","article_modified_time":"2023-11-17T11:46:11+00:00","og_image":[{"width":1200,"height":675,"url":"https:\/\/www.alpinspa-post.com\/wp-content\/uploads\/abend-1.jpg","type":"image\/jpeg"}],"twitter_card":"summary_large_image","twitter_misc":{"Est. reading time":"1 minute"},"schema":{"@context":"https:\/\/schema.org","@graph":[{"@type":"WebPage","@id":"https:\/\/www.alpinspa-post.com\/en\/imprint\/","url":"https:\/\/www.alpinspa-post.com\/en\/imprint\/","name":"Imprint |","isPartOf":{"@id":"https:\/\/www.alpinspa-post.com\/en\/#website"},"datePublished":"2020-02-28T08:14:32+00:00","dateModified":"2023-11-17T11:46:11+00:00","breadcrumb":{"@id":"https:\/\/www.alpinspa-post.com\/en\/imprint\/#breadcrumb"},"inLanguage":"en-US","potentialAction":[{"@type":"ReadAction","target":["https:\/\/www.alpinspa-post.com\/en\/imprint\/"]}]},{"@type":"BreadcrumbList","@id":"https:\/\/www.alpinspa-post.com\/en\/imprint\/#breadcrumb","itemListElement":[{"@type":"ListItem","position":1,"name":"Startseite","item":"https:\/\/www.alpinspa-post.com\/en\/"},{"@type":"ListItem","position":2,"name":"Imprint"}]},{"@type":"WebSite","@id":"https:\/\/www.alpinspa-post.com\/en\/#website","url":"https:\/\/www.alpinspa-post.com\/en\/","name":"AlpinSpa Zur Post Bad Gastein","description":"Wohnen, Essen und nachhaltige Wellness","publisher":{"@id":"https:\/\/www.alpinspa-post.com\/en\/#organization"},"potentialAction":[{"@type":"SearchAction","target":{"@type":"EntryPoint","urlTemplate":"https:\/\/www.alpinspa-post.com\/en\/?s={search_term_string}"},"query-input":{"@type":"PropertyValueSpecification","valueRequired":true,"valueName":"search_term_string"}}],"inLanguage":"en-US"},{"@type":"Organization","@id":"https:\/\/www.alpinspa-post.com\/en\/#organization","name":"AlpinSpa Zur Post Bad Gastein","alternateName":"Hotel Zur Post B\u00f6ckstein","url":"https:\/\/www.alpinspa-post.com\/en\/","logo":{"@type":"ImageObject","inLanguage":"en-US","@id":"https:\/\/www.alpinspa-post.com\/en\/#\/schema\/logo\/image\/","url":"https:\/\/www.alpinspa-post.com\/wp-content\/uploads\/logo-3.png","contentUrl":"https:\/\/www.alpinspa-post.com\/wp-content\/uploads\/logo-3.png","width":696,"height":696,"caption":"AlpinSpa Zur Post Bad Gastein"},"image":{"@id":"https:\/\/www.alpinspa-post.com\/en\/#\/schema\/logo\/image\/"},"sameAs":["https:\/\/www.facebook.com\/alpinspapost\/","https:\/\/www.instagram.com\/alpinspapost\/","https:\/\/www.youtube.com\/@MarkusSteinschaden-hp4nq"]}]}},"_links":{"self":[{"href":"https:\/\/www.alpinspa-post.com\/en\/wp-json\/wp\/v2\/pages\/660","targetHints":{"allow":["GET"]}}],"collection":[{"href":"https:\/\/www.alpinspa-post.com\/en\/wp-json\/wp\/v2\/pages"}],"about":[{"href":"https:\/\/www.alpinspa-post.com\/en\/wp-json\/wp\/v2\/types\/page"}],"author":[{"embeddable":true,"href":"https:\/\/www.alpinspa-post.com\/en\/wp-json\/wp\/v2\/users\/1"}],"replies":[{"embeddable":true,"href":"https:\/\/www.alpinspa-post.com\/en\/wp-json\/wp\/v2\/comments?post=660"}],"version-history":[{"count":0,"href":"https:\/\/www.alpinspa-post.com\/en\/wp-json\/wp\/v2\/pages\/660\/revisions"}],"wp:attachment":[{"href":"https:\/\/www.alpinspa-post.com\/en\/wp-json\/wp\/v2\/media?parent=660"}],"curies":[{"name":"wp","href":"https:\/\/api.w.org\/{rel}","templated":true}]}}